{"id":1391,"date":"2018-10-25T15:13:06","date_gmt":"2018-10-25T13:13:06","guid":{"rendered":"https:\/\/taketrail.ch\/startseite\/?page_id=1391"},"modified":"2019-04-16T11:31:56","modified_gmt":"2019-04-16T09:31:56","slug":"ig-mountainbike-pfannenstiel","status":"publish","type":"page","link":"https:\/\/taketrail.ch\/startseite\/ig-mountainbike-pfannenstiel\/","title":{"rendered":"IG-Mountainbike Pfannenstiel"},"content":{"rendered":"<section class=\"l-section wpb_row height_auto\"><div class=\"l-section-h i-cf\"><div class=\"g-cols vc_row via_flex valign_top type_default stacking_default\"><div class=\"vc_col-sm-12 wpb_column vc_column_container\"><div class=\"vc_column-inner\"><div class=\"wpb_wrapper\"><div class=\"w-separator size_custom\" style=\"height:32px\"><\/div><div class=\"wpb_text_column\"><div class=\"wpb_wrapper\"><p><a href=\"https:\/\/taketrail.ch\/startseite\/projekte\/\">zur\u00fcck<\/a><\/p>\n<\/div><\/div><div class=\"wpb_text_column\"><div class=\"wpb_wrapper\"><h1>IG Mountainbike Pfannenstiel<\/h1>\n<\/div><\/div><div class=\"w-separator size_custom\" style=\"height:32px\"><\/div><\/div><\/div><\/div><\/div><\/div><\/section><section class=\"l-section wpb_row height_auto\"><div class=\"l-section-h i-cf\"><div class=\"g-cols vc_row via_flex valign_top type_default stacking_default\"><div class=\"vc_col-sm-12 wpb_column vc_column_container\"><div class=\"vc_column-inner\"><div class=\"wpb_wrapper\"><div class=\"wpb_text_column\"><div class=\"wpb_wrapper\"><p>Eine Interessengemeinschaft (IG) aus den zw\u00f6lf Anliegergemeinden des Pfannenstiels soll den Bedarf aufzeigen und L\u00f6sungen entwickeln.<\/p>\n<\/div><\/div><div class=\"w-separator size_medium with_line width_default thick_2 style_solid color_border align_center\"><div class=\"w-separator-h\"><\/div><\/div><\/div><\/div><\/div><\/div><\/div><\/section><section class=\"l-section wpb_row height_auto\"><div class=\"l-section-h i-cf\"><div class=\"g-cols vc_row via_flex valign_top type_default stacking_default\"><div class=\"vc_col-sm-12 wpb_column vc_column_container\"><div class=\"vc_column-inner\"><div class=\"wpb_wrapper\"><div class=\"wpb_text_column\"><div class=\"wpb_wrapper\"><h3>Verlauf<\/h3>\n<p>Sommer 2018<\/p>\n<ul>\n<li>Gr\u00fcndungsmitglieder werden \u00fcber pers\u00f6nliche Anfragen gesucht<\/li>\n<li>\u00dcber 90 Telefonate mit Pers\u00f6nlichkeiten aus der Region Pfannenstiel gef\u00fchrt<\/li>\n<\/ul>\n<p>Herbst 2018<\/p>\n<ul>\n<li>21 Gr\u00fcndungsmitglieder f\u00fcr die IG zugesagt<\/li>\n<li>31. Oktober findet die Gr\u00fcndungsveranstaltung statt<\/li>\n<li>31. Oktober Verein Bike Trails Pfannenstiel gegr\u00fcndet<\/li>\n<li>22. November der Verein besitze eigene Homepage <a href=\"http:\/\/www.biketrailspfannenstiel.ch\">www.biketrailspfannenstiel.ch<\/a><\/li>\n<\/ul>\n<p>Winter 2019<\/p>\n<ul>\n<li>Statuten werden erstellt und am 14.01.2019 angenommen<\/li>\n<li>Neuer Verein f\u00fcr den ganzen Kanton soll entstehen<\/li>\n<li>Bike Trails Pfannenstiel bleibt lokal aktiv<\/li>\n<li>Bike Trails Pfannenstiel wird in verschiedenen Medien positiv thematisiert (<a href=\"https:\/\/www.biketrailspfannenstiel.ch\/news\/\">mehr<\/a>)<\/li>\n<\/ul>\n<\/div><\/div><div class=\"w-separator size_custom\" style=\"height:32px\"><\/div><\/div><\/div><\/div><\/div><\/div><\/section>\n","protected":false},"excerpt":{"rendered":"","protected":false},"author":1,"featured_media":0,"parent":0,"menu_order":0,"comment_status":"closed","ping_status":"closed","template":"","meta":{"footnotes":""},"class_list":["post-1391","page","type-page","status-publish","hentry"],"yoast_head":"<!-- This site is optimized with the Yoast SEO plugin v26.8 - https:\/\/yoast.com\/product\/yoast-seo-wordpress\/ -->\n<title>IG-Mountainbike Pfannenstiel - taketrail<\/title>\n<meta name=\"robots\" content=\"index, follow, max-snippet:-1, max-image-preview:large, max-video-preview:-1\" \/>\n<link rel=\"canonical\" href=\"https:\/\/taketrail.ch\/startseite\/ig-mountainbike-pfannenstiel\/\" \/>\n<meta property=\"og:locale\" content=\"de_DE\" \/>\n<meta property=\"og:type\" content=\"article\" \/>\n<meta property=\"og:title\" content=\"IG-Mountainbike Pfannenstiel - taketrail\" \/>\n<meta property=\"og:url\" content=\"https:\/\/taketrail.ch\/startseite\/ig-mountainbike-pfannenstiel\/\" \/>\n<meta property=\"og:site_name\" content=\"taketrail\" \/>\n<meta property=\"article:publisher\" content=\"https:\/\/www.facebook.com\/taketrail\/\" \/>\n<meta property=\"article:modified_time\" content=\"2019-04-16T09:31:56+00:00\" \/>\n<meta name=\"twitter:card\" content=\"summary_large_image\" \/>\n<meta name=\"twitter:label1\" content=\"Gesch\u00e4tzte Lesezeit\" \/>\n\t<meta name=\"twitter:data1\" content=\"1\u00a0Minute\" \/>\n<script type=\"application\/ld+json\" class=\"yoast-schema-graph\">{\"@context\":\"https:\/\/schema.org\",\"@graph\":[{\"@type\":\"WebPage\",\"@id\":\"https:\/\/taketrail.ch\/startseite\/ig-mountainbike-pfannenstiel\/\",\"url\":\"https:\/\/taketrail.ch\/startseite\/ig-mountainbike-pfannenstiel\/\",\"name\":\"IG-Mountainbike Pfannenstiel - taketrail\",\"isPartOf\":{\"@id\":\"https:\/\/taketrail.ch\/startseite\/#website\"},\"datePublished\":\"2018-10-25T13:13:06+00:00\",\"dateModified\":\"2019-04-16T09:31:56+00:00\",\"breadcrumb\":{\"@id\":\"https:\/\/taketrail.ch\/startseite\/ig-mountainbike-pfannenstiel\/#breadcrumb\"},\"inLanguage\":\"de\",\"potentialAction\":[{\"@type\":\"ReadAction\",\"target\":[\"https:\/\/taketrail.ch\/startseite\/ig-mountainbike-pfannenstiel\/\"]}]},{\"@type\":\"BreadcrumbList\",\"@id\":\"https:\/\/taketrail.ch\/startseite\/ig-mountainbike-pfannenstiel\/#breadcrumb\",\"itemListElement\":[{\"@type\":\"ListItem\",\"position\":1,\"name\":\"Startseite\",\"item\":\"https:\/\/taketrail.ch\/startseite\/\"},{\"@type\":\"ListItem\",\"position\":2,\"name\":\"IG-Mountainbike Pfannenstiel\"}]},{\"@type\":\"WebSite\",\"@id\":\"https:\/\/taketrail.ch\/startseite\/#website\",\"url\":\"https:\/\/taketrail.ch\/startseite\/\",\"name\":\"taketrail\",\"description\":\"\",\"publisher\":{\"@id\":\"https:\/\/taketrail.ch\/startseite\/#organization\"},\"potentialAction\":[{\"@type\":\"SearchAction\",\"target\":{\"@type\":\"EntryPoint\",\"urlTemplate\":\"https:\/\/taketrail.ch\/startseite\/?s={search_term_string}\"},\"query-input\":{\"@type\":\"PropertyValueSpecification\",\"valueRequired\":true,\"valueName\":\"search_term_string\"}}],\"inLanguage\":\"de\"},{\"@type\":\"Organization\",\"@id\":\"https:\/\/taketrail.ch\/startseite\/#organization\",\"name\":\"taketrail AG\",\"url\":\"https:\/\/taketrail.ch\/startseite\/\",\"logo\":{\"@type\":\"ImageObject\",\"inLanguage\":\"de\",\"@id\":\"https:\/\/taketrail.ch\/startseite\/#\/schema\/logo\/image\/\",\"url\":\"https:\/\/taketrail.ch\/wp-content\/uploads\/2017\/12\/taketrail_gr\u00fcn.png\",\"contentUrl\":\"https:\/\/taketrail.ch\/wp-content\/uploads\/2017\/12\/taketrail_gr\u00fcn.png\",\"width\":3945,\"height\":772,\"caption\":\"taketrail AG\"},\"image\":{\"@id\":\"https:\/\/taketrail.ch\/startseite\/#\/schema\/logo\/image\/\"},\"sameAs\":[\"https:\/\/www.facebook.com\/taketrail\/\",\"https:\/\/www.linkedin.com\/company\/27204493\/admin\/\"]}]}<\/script>\n<!-- \/ Yoast SEO plugin. -->","yoast_head_json":{"title":"IG-Mountainbike Pfannenstiel - taketrail","robots":{"index":"index","follow":"follow","max-snippet":"max-snippet:-1","max-image-preview":"max-image-preview:large","max-video-preview":"max-video-preview:-1"},"canonical":"https:\/\/taketrail.ch\/startseite\/ig-mountainbike-pfannenstiel\/","og_locale":"de_DE","og_type":"article","og_title":"IG-Mountainbike Pfannenstiel - taketrail","og_url":"https:\/\/taketrail.ch\/startseite\/ig-mountainbike-pfannenstiel\/","og_site_name":"taketrail","article_publisher":"https:\/\/www.facebook.com\/taketrail\/","article_modified_time":"2019-04-16T09:31:56+00:00","twitter_card":"summary_large_image","twitter_misc":{"Gesch\u00e4tzte Lesezeit":"1\u00a0Minute"},"schema":{"@context":"https:\/\/schema.org","@graph":[{"@type":"WebPage","@id":"https:\/\/taketrail.ch\/startseite\/ig-mountainbike-pfannenstiel\/","url":"https:\/\/taketrail.ch\/startseite\/ig-mountainbike-pfannenstiel\/","name":"IG-Mountainbike Pfannenstiel - taketrail","isPartOf":{"@id":"https:\/\/taketrail.ch\/startseite\/#website"},"datePublished":"2018-10-25T13:13:06+00:00","dateModified":"2019-04-16T09:31:56+00:00","breadcrumb":{"@id":"https:\/\/taketrail.ch\/startseite\/ig-mountainbike-pfannenstiel\/#breadcrumb"},"inLanguage":"de","potentialAction":[{"@type":"ReadAction","target":["https:\/\/taketrail.ch\/startseite\/ig-mountainbike-pfannenstiel\/"]}]},{"@type":"BreadcrumbList","@id":"https:\/\/taketrail.ch\/startseite\/ig-mountainbike-pfannenstiel\/#breadcrumb","itemListElement":[{"@type":"ListItem","position":1,"name":"Startseite","item":"https:\/\/taketrail.ch\/startseite\/"},{"@type":"ListItem","position":2,"name":"IG-Mountainbike Pfannenstiel"}]},{"@type":"WebSite","@id":"https:\/\/taketrail.ch\/startseite\/#website","url":"https:\/\/taketrail.ch\/startseite\/","name":"taketrail","description":"","publisher":{"@id":"https:\/\/taketrail.ch\/startseite\/#organization"},"potentialAction":[{"@type":"SearchAction","target":{"@type":"EntryPoint","urlTemplate":"https:\/\/taketrail.ch\/startseite\/?s={search_term_string}"},"query-input":{"@type":"PropertyValueSpecification","valueRequired":true,"valueName":"search_term_string"}}],"inLanguage":"de"},{"@type":"Organization","@id":"https:\/\/taketrail.ch\/startseite\/#organization","name":"taketrail AG","url":"https:\/\/taketrail.ch\/startseite\/","logo":{"@type":"ImageObject","inLanguage":"de","@id":"https:\/\/taketrail.ch\/startseite\/#\/schema\/logo\/image\/","url":"https:\/\/taketrail.ch\/wp-content\/uploads\/2017\/12\/taketrail_gr\u00fcn.png","contentUrl":"https:\/\/taketrail.ch\/wp-content\/uploads\/2017\/12\/taketrail_gr\u00fcn.png","width":3945,"height":772,"caption":"taketrail AG"},"image":{"@id":"https:\/\/taketrail.ch\/startseite\/#\/schema\/logo\/image\/"},"sameAs":["https:\/\/www.facebook.com\/taketrail\/","https:\/\/www.linkedin.com\/company\/27204493\/admin\/"]}]}},"_links":{"self":[{"href":"https:\/\/taketrail.ch\/startseite\/wp-json\/wp\/v2\/pages\/1391","targetHints":{"allow":["GET"]}}],"collection":[{"href":"https:\/\/taketrail.ch\/startseite\/wp-json\/wp\/v2\/pages"}],"about":[{"href":"https:\/\/taketrail.ch\/startseite\/wp-json\/wp\/v2\/types\/page"}],"author":[{"embeddable":true,"href":"https:\/\/taketrail.ch\/startseite\/wp-json\/wp\/v2\/users\/1"}],"replies":[{"embeddable":true,"href":"https:\/\/taketrail.ch\/startseite\/wp-json\/wp\/v2\/comments?post=1391"}],"version-history":[{"count":10,"href":"https:\/\/taketrail.ch\/startseite\/wp-json\/wp\/v2\/pages\/1391\/revisions"}],"predecessor-version":[{"id":1615,"href":"https:\/\/taketrail.ch\/startseite\/wp-json\/wp\/v2\/pages\/1391\/revisions\/1615"}],"wp:attachment":[{"href":"https:\/\/taketrail.ch\/startseite\/wp-json\/wp\/v2\/media?parent=1391"}],"curies":[{"name":"wp","href":"https:\/\/api.w.org\/{rel}","templated":true}]}}