{"id":1748,"date":"2019-06-28T11:51:49","date_gmt":"2019-06-28T09:51:49","guid":{"rendered":"https:\/\/taketrail.ch\/startseite\/?page_id=1748"},"modified":"2019-06-28T12:00:38","modified_gmt":"2019-06-28T10:00:38","slug":"trail-friends-kanton-zuerich","status":"publish","type":"page","link":"https:\/\/taketrail.ch\/startseite\/trail-friends-kanton-zuerich\/","title":{"rendered":"Trail Friends Kanton Z\u00fcrich"},"content":{"rendered":"<section class=\"l-section wpb_row height_auto\"><div class=\"l-section-h i-cf\"><div class=\"g-cols vc_row via_flex valign_top type_default stacking_default\"><div class=\"vc_col-sm-12 wpb_column vc_column_container\"><div class=\"vc_column-inner\"><div class=\"wpb_wrapper\"><div class=\"w-separator size_medium\"><\/div><div class=\"wpb_text_column\"><div class=\"wpb_wrapper\"><h1>Trail Friends Kanton Z\u00fcrich<\/h1>\n<\/div><\/div><div class=\"w-separator size_medium\"><\/div><div class=\"w-image align_center\"><a href=\"https:\/\/www.trailfriends.ch\/\" aria-label=\"Trail Friends\" class=\"w-image-h\"><img decoding=\"async\" width=\"1024\" height=\"277\" src=\"https:\/\/taketrail.ch\/wp-content\/uploads\/2019\/06\/TrailFriends-1024x277.jpg\" class=\"attachment-large size-large\" alt=\"Trail Friends Kanton Z\u00fcrich\" loading=\"lazy\" srcset=\"https:\/\/taketrail.ch\/wp-content\/uploads\/2019\/06\/TrailFriends-1024x277.jpg 1024w, https:\/\/taketrail.ch\/wp-content\/uploads\/2019\/06\/TrailFriends-300x81.jpg 300w, https:\/\/taketrail.ch\/wp-content\/uploads\/2019\/06\/TrailFriends-768x207.jpg 768w\" sizes=\"auto, (max-width: 1024px) 100vw, 1024px\" \/><\/a><\/div><div class=\"w-separator size_medium\"><\/div><\/div><\/div><\/div><\/div><\/div><\/section><section class=\"l-section wpb_row height_medium\"><div class=\"l-section-h i-cf\"><div class=\"g-cols vc_row via_flex valign_top type_default stacking_default\"><div class=\"vc_col-sm-12 wpb_column vc_column_container\"><div class=\"vc_column-inner\"><div class=\"wpb_wrapper\"><div class=\"wpb_text_column\"><div class=\"wpb_wrapper\"><h2 id=\"cc-m-6744090113\" class=\"j-module n j-header \">Trail Friends Idee<\/h2>\n<\/div><\/div><div class=\"wpb_text_column\"><div class=\"wpb_wrapper\"><div id=\"cc-m-6744090113\" class=\"j-module n j-header \">\n<p id=\"cc-m-header-6744090113\">Trail Friends bezweckt die F\u00f6rderung des Bikens im Kanton Z\u00fcrich. Er versteht unter dem Begriff Biken, alle die mit einem Mountainbike, auch E-Mountainbike, unterwegs sind: Kinder und Jugendliche, Familien, Erwachsene, Freizeit und Leistungssportler.<\/p>\n<\/div>\n<div id=\"cc-m-6744090513\" class=\"j-module n j-text \">\n<p>Der Verein erfasst die Bed\u00fcrfnisse der Bikerinnen und Biker im Kanton Z\u00fcrich, will die Bike Infrastruktur im Kanton Z\u00fcrich verbessern und langfristig absichern. Trail Friends f\u00f6rdert den Dialog mit allen regionalen und \u00fcberregionalen Interessengruppen. Der Verein entwickelt L\u00f6sungen unter Ber\u00fccksichtigung der gemeinsamen Interessen von Biker, Grundst\u00fcckseigent\u00fcmer, Beh\u00f6rden und Politik, Forst, Jagd, Naturschutz sowie weiter Anspruchsgruppen wie Wanderer, Reitsport, Spazierg\u00e4nger, Jogger.<\/p>\n<\/div>\n<\/div><\/div><div class=\"wpb_text_column\"><div class=\"wpb_wrapper\"><h2 id=\"cc-m-6744090113\">Unterst\u00fctzung<\/h2>\n<\/div><\/div><div class=\"wpb_text_column\"><div class=\"wpb_wrapper\"><div id=\"cc-m-6744090113\" class=\"j-module n j-header \"><\/div>\n<div id=\"cc-m-6744090513\" class=\"j-module n j-text \">\n<p><span style=\"font-family: -apple-system, BlinkMacSystemFont, 'Segoe UI', Roboto, Oxygen-Sans, Ubuntu, Cantarell, 'Helvetica Neue', sans-serif;\">Damit Mountainbike Angebote umgesetzt werden k\u00f6nnen, braucht es die Unterst\u00fctzung der Biker. Als Trail Friend kann jeder gratis Mitglied werden.<\/span><\/p>\n<\/div>\n<\/div><\/div><div class=\"wpb_text_column\"><div class=\"wpb_wrapper\"><h2 id=\"cc-m-6744090113\">Der Kodex<\/h2>\n<\/div><\/div><div class=\"wpb_text_column\"><div class=\"wpb_wrapper\"><div id=\"cc-m-6761588713\" class=\"j-module n j-spacing \">\n<div class=\"cc-m-spacer\"><span style=\"font-family: -apple-system, BlinkMacSystemFont, 'Segoe UI', Roboto, Oxygen-Sans, Ubuntu, Cantarell, 'Helvetica Neue', sans-serif;\">Trail Friends steht f\u00fcr den Slogan \u201cShare the trail!\u201d. Tolerante und r\u00fccksichtsvolle MountainbikerInnen pr\u00e4gen das Image der Sportart positiv. Ein vorbildliches Verhalten in der Natur ist wichtig.<\/span><\/div>\n<\/div>\n<\/div><\/div><\/div><\/div><\/div><\/div><\/div><\/section><section class=\"l-section wpb_row height_medium\"><div class=\"l-section-h i-cf\"><div class=\"g-cols vc_row via_flex valign_top type_default stacking_default\"><div class=\"vc_col-sm-12 wpb_column vc_column_container\"><div class=\"vc_column-inner\"><div class=\"wpb_wrapper\"><div class=\"w-btn-wrapper align_center\"><a class=\"w-btn us-btn-style_1\" href=\"https:\/\/www.trailfriends.ch\/\"><span class=\"w-btn-label\">weiter zu Trail Friends<\/span><\/a><\/div><\/div><\/div><\/div><\/div><\/div><\/section><section class=\"l-section wpb_row height_medium\"><div class=\"l-section-h i-cf\"><div class=\"g-cols vc_row via_flex valign_top type_default stacking_default\"><div class=\"vc_col-sm-12 wpb_column vc_column_container\"><div class=\"vc_column-inner\"><div class=\"wpb_wrapper\"><div class=\"wpb_text_column\"><div class=\"wpb_wrapper\"><p><a href=\"https:\/\/taketrail.ch\/startseite\/projekte\/\">zur\u00fcck<\/a><\/p>\n<\/div><\/div><\/div><\/div><\/div><\/div><\/div><\/section>\n","protected":false},"excerpt":{"rendered":"","protected":false},"author":1,"featured_media":0,"parent":0,"menu_order":0,"comment_status":"closed","ping_status":"closed","template":"","meta":{"footnotes":""},"class_list":["post-1748","page","type-page","status-publish","hentry"],"yoast_head":"<!-- This site is optimized with the Yoast SEO plugin v26.8 - https:\/\/yoast.com\/product\/yoast-seo-wordpress\/ -->\n<title>Trail Friends Kanton Z\u00fcrich - taketrail<\/title>\n<meta name=\"description\" content=\"Trail Friends Kanton Z\u00fcrich erfasst die Bed\u00fcrfnisse der BikerInnen, will die Bike Infrastruktur verbessern und f\u00f6rdert den Dialog mit Interessengruppen.\" \/>\n<meta name=\"robots\" content=\"index, follow, max-snippet:-1, max-image-preview:large, max-video-preview:-1\" \/>\n<link rel=\"canonical\" href=\"https:\/\/taketrail.ch\/startseite\/trail-friends-kanton-zuerich\/\" \/>\n<meta property=\"og:locale\" content=\"de_DE\" \/>\n<meta property=\"og:type\" content=\"article\" \/>\n<meta property=\"og:title\" content=\"Trail Friends Kanton Z\u00fcrich - taketrail\" \/>\n<meta property=\"og:description\" content=\"Trail Friends Kanton Z\u00fcrich erfasst die Bed\u00fcrfnisse der BikerInnen, will die Bike Infrastruktur verbessern und f\u00f6rdert den Dialog mit Interessengruppen.\" \/>\n<meta property=\"og:url\" content=\"https:\/\/taketrail.ch\/startseite\/trail-friends-kanton-zuerich\/\" \/>\n<meta property=\"og:site_name\" content=\"taketrail\" \/>\n<meta property=\"article:publisher\" content=\"https:\/\/www.facebook.com\/taketrail\/\" \/>\n<meta property=\"article:modified_time\" content=\"2019-06-28T10:00:38+00:00\" \/>\n<meta name=\"twitter:card\" content=\"summary_large_image\" \/>\n<meta name=\"twitter:label1\" content=\"Gesch\u00e4tzte Lesezeit\" \/>\n\t<meta name=\"twitter:data1\" content=\"1\u00a0Minute\" \/>\n<script type=\"application\/ld+json\" class=\"yoast-schema-graph\">{\"@context\":\"https:\/\/schema.org\",\"@graph\":[{\"@type\":\"WebPage\",\"@id\":\"https:\/\/taketrail.ch\/startseite\/trail-friends-kanton-zuerich\/\",\"url\":\"https:\/\/taketrail.ch\/startseite\/trail-friends-kanton-zuerich\/\",\"name\":\"Trail Friends Kanton Z\u00fcrich - taketrail\",\"isPartOf\":{\"@id\":\"https:\/\/taketrail.ch\/startseite\/#website\"},\"datePublished\":\"2019-06-28T09:51:49+00:00\",\"dateModified\":\"2019-06-28T10:00:38+00:00\",\"description\":\"Trail Friends Kanton Z\u00fcrich erfasst die Bed\u00fcrfnisse der BikerInnen, will die Bike Infrastruktur verbessern und f\u00f6rdert den Dialog mit Interessengruppen.\",\"breadcrumb\":{\"@id\":\"https:\/\/taketrail.ch\/startseite\/trail-friends-kanton-zuerich\/#breadcrumb\"},\"inLanguage\":\"de\",\"potentialAction\":[{\"@type\":\"ReadAction\",\"target\":[\"https:\/\/taketrail.ch\/startseite\/trail-friends-kanton-zuerich\/\"]}]},{\"@type\":\"BreadcrumbList\",\"@id\":\"https:\/\/taketrail.ch\/startseite\/trail-friends-kanton-zuerich\/#breadcrumb\",\"itemListElement\":[{\"@type\":\"ListItem\",\"position\":1,\"name\":\"Startseite\",\"item\":\"https:\/\/taketrail.ch\/startseite\/\"},{\"@type\":\"ListItem\",\"position\":2,\"name\":\"Trail Friends Kanton Z\u00fcrich\"}]},{\"@type\":\"WebSite\",\"@id\":\"https:\/\/taketrail.ch\/startseite\/#website\",\"url\":\"https:\/\/taketrail.ch\/startseite\/\",\"name\":\"taketrail\",\"description\":\"\",\"publisher\":{\"@id\":\"https:\/\/taketrail.ch\/startseite\/#organization\"},\"potentialAction\":[{\"@type\":\"SearchAction\",\"target\":{\"@type\":\"EntryPoint\",\"urlTemplate\":\"https:\/\/taketrail.ch\/startseite\/?s={search_term_string}\"},\"query-input\":{\"@type\":\"PropertyValueSpecification\",\"valueRequired\":true,\"valueName\":\"search_term_string\"}}],\"inLanguage\":\"de\"},{\"@type\":\"Organization\",\"@id\":\"https:\/\/taketrail.ch\/startseite\/#organization\",\"name\":\"taketrail AG\",\"url\":\"https:\/\/taketrail.ch\/startseite\/\",\"logo\":{\"@type\":\"ImageObject\",\"inLanguage\":\"de\",\"@id\":\"https:\/\/taketrail.ch\/startseite\/#\/schema\/logo\/image\/\",\"url\":\"https:\/\/taketrail.ch\/wp-content\/uploads\/2017\/12\/taketrail_gr\u00fcn.png\",\"contentUrl\":\"https:\/\/taketrail.ch\/wp-content\/uploads\/2017\/12\/taketrail_gr\u00fcn.png\",\"width\":3945,\"height\":772,\"caption\":\"taketrail AG\"},\"image\":{\"@id\":\"https:\/\/taketrail.ch\/startseite\/#\/schema\/logo\/image\/\"},\"sameAs\":[\"https:\/\/www.facebook.com\/taketrail\/\",\"https:\/\/www.linkedin.com\/company\/27204493\/admin\/\"]}]}<\/script>\n<!-- \/ Yoast SEO plugin. -->","yoast_head_json":{"title":"Trail Friends Kanton Z\u00fcrich - taketrail","description":"Trail Friends Kanton Z\u00fcrich erfasst die Bed\u00fcrfnisse der BikerInnen, will die Bike Infrastruktur verbessern und f\u00f6rdert den Dialog mit Interessengruppen.","robots":{"index":"index","follow":"follow","max-snippet":"max-snippet:-1","max-image-preview":"max-image-preview:large","max-video-preview":"max-video-preview:-1"},"canonical":"https:\/\/taketrail.ch\/startseite\/trail-friends-kanton-zuerich\/","og_locale":"de_DE","og_type":"article","og_title":"Trail Friends Kanton Z\u00fcrich - taketrail","og_description":"Trail Friends Kanton Z\u00fcrich erfasst die Bed\u00fcrfnisse der BikerInnen, will die Bike Infrastruktur verbessern und f\u00f6rdert den Dialog mit Interessengruppen.","og_url":"https:\/\/taketrail.ch\/startseite\/trail-friends-kanton-zuerich\/","og_site_name":"taketrail","article_publisher":"https:\/\/www.facebook.com\/taketrail\/","article_modified_time":"2019-06-28T10:00:38+00:00","twitter_card":"summary_large_image","twitter_misc":{"Gesch\u00e4tzte Lesezeit":"1\u00a0Minute"},"schema":{"@context":"https:\/\/schema.org","@graph":[{"@type":"WebPage","@id":"https:\/\/taketrail.ch\/startseite\/trail-friends-kanton-zuerich\/","url":"https:\/\/taketrail.ch\/startseite\/trail-friends-kanton-zuerich\/","name":"Trail Friends Kanton Z\u00fcrich - taketrail","isPartOf":{"@id":"https:\/\/taketrail.ch\/startseite\/#website"},"datePublished":"2019-06-28T09:51:49+00:00","dateModified":"2019-06-28T10:00:38+00:00","description":"Trail Friends Kanton Z\u00fcrich erfasst die Bed\u00fcrfnisse der BikerInnen, will die Bike Infrastruktur verbessern und f\u00f6rdert den Dialog mit Interessengruppen.","breadcrumb":{"@id":"https:\/\/taketrail.ch\/startseite\/trail-friends-kanton-zuerich\/#breadcrumb"},"inLanguage":"de","potentialAction":[{"@type":"ReadAction","target":["https:\/\/taketrail.ch\/startseite\/trail-friends-kanton-zuerich\/"]}]},{"@type":"BreadcrumbList","@id":"https:\/\/taketrail.ch\/startseite\/trail-friends-kanton-zuerich\/#breadcrumb","itemListElement":[{"@type":"ListItem","position":1,"name":"Startseite","item":"https:\/\/taketrail.ch\/startseite\/"},{"@type":"ListItem","position":2,"name":"Trail Friends Kanton Z\u00fcrich"}]},{"@type":"WebSite","@id":"https:\/\/taketrail.ch\/startseite\/#website","url":"https:\/\/taketrail.ch\/startseite\/","name":"taketrail","description":"","publisher":{"@id":"https:\/\/taketrail.ch\/startseite\/#organization"},"potentialAction":[{"@type":"SearchAction","target":{"@type":"EntryPoint","urlTemplate":"https:\/\/taketrail.ch\/startseite\/?s={search_term_string}"},"query-input":{"@type":"PropertyValueSpecification","valueRequired":true,"valueName":"search_term_string"}}],"inLanguage":"de"},{"@type":"Organization","@id":"https:\/\/taketrail.ch\/startseite\/#organization","name":"taketrail AG","url":"https:\/\/taketrail.ch\/startseite\/","logo":{"@type":"ImageObject","inLanguage":"de","@id":"https:\/\/taketrail.ch\/startseite\/#\/schema\/logo\/image\/","url":"https:\/\/taketrail.ch\/wp-content\/uploads\/2017\/12\/taketrail_gr\u00fcn.png","contentUrl":"https:\/\/taketrail.ch\/wp-content\/uploads\/2017\/12\/taketrail_gr\u00fcn.png","width":3945,"height":772,"caption":"taketrail AG"},"image":{"@id":"https:\/\/taketrail.ch\/startseite\/#\/schema\/logo\/image\/"},"sameAs":["https:\/\/www.facebook.com\/taketrail\/","https:\/\/www.linkedin.com\/company\/27204493\/admin\/"]}]}},"_links":{"self":[{"href":"https:\/\/taketrail.ch\/startseite\/wp-json\/wp\/v2\/pages\/1748","targetHints":{"allow":["GET"]}}],"collection":[{"href":"https:\/\/taketrail.ch\/startseite\/wp-json\/wp\/v2\/pages"}],"about":[{"href":"https:\/\/taketrail.ch\/startseite\/wp-json\/wp\/v2\/types\/page"}],"author":[{"embeddable":true,"href":"https:\/\/taketrail.ch\/startseite\/wp-json\/wp\/v2\/users\/1"}],"replies":[{"embeddable":true,"href":"https:\/\/taketrail.ch\/startseite\/wp-json\/wp\/v2\/comments?post=1748"}],"version-history":[{"count":16,"href":"https:\/\/taketrail.ch\/startseite\/wp-json\/wp\/v2\/pages\/1748\/revisions"}],"predecessor-version":[{"id":1766,"href":"https:\/\/taketrail.ch\/startseite\/wp-json\/wp\/v2\/pages\/1748\/revisions\/1766"}],"wp:attachment":[{"href":"https:\/\/taketrail.ch\/startseite\/wp-json\/wp\/v2\/media?parent=1748"}],"curies":[{"name":"wp","href":"https:\/\/api.w.org\/{rel}","templated":true}]}}