{"id":1872,"date":"2021-03-15T16:56:53","date_gmt":"2021-03-15T14:56:53","guid":{"rendered":"https:\/\/taketrail.ch\/startseite\/?page_id=1872"},"modified":"2021-03-15T17:09:53","modified_gmt":"2021-03-15T15:09:53","slug":"sportanlagen","status":"publish","type":"page","link":"https:\/\/taketrail.ch\/startseite\/sportanlagen\/","title":{"rendered":"Sportanlagen"},"content":{"rendered":"<section class=\"l-section wpb_row height_medium\"><div class=\"l-section-h i-cf\"><div class=\"g-cols vc_row via_flex valign_top type_default stacking_default\"><div class=\"vc_col-sm-12 wpb_column vc_column_container\"><div class=\"vc_column-inner\"><div class=\"wpb_wrapper\"><div class=\"wpb_text_column\"><div class=\"wpb_wrapper\"><h1>Sportanlagen von taketrail AG<\/h1>\n<\/div><\/div><div class=\"wpb_text_column\"><div class=\"wpb_wrapper\"><h2>Bike-Halle Uetikon am See<\/h2>\n<\/div><\/div><div class=\"wpb_text_column\"><div class=\"wpb_wrapper\"><p>Alles begann mit einer leeren Halle im Areal der Chemie Uetikon. F\u00fcr Zwischennutzungen werden verschiedene Geb\u00e4ude der alten Fabrik vermietet. F\u00fcr den <a href=\"https:\/\/taketrail.ch\/startseite\/pumptrack\/\">Pumptrack<\/a> haben wir ebenfalls ein Lager gemietet. Nach einigen Monaten haben wir eine Halle entdeckt die noch ungenutzt ist und ca. 1500 m2 gross ist. Wir hatten sofort die Vision einer indoor Freestyle Halle. Nach einem Testwinter mit einfachen und g\u00fcnstigen Anlagen (Pumptrack und eine kleine Jumpline) haben wir im Jahr 2020 w\u00e4hrend des Covid-19 Lockdown umgebaut.<\/p>\n<\/div><\/div><\/div><\/div><\/div><\/div><\/div><\/section><section class=\"l-section wpb_row height_medium\"><div class=\"l-section-h i-cf\"><div class=\"g-cols vc_row via_flex valign_top type_default stacking_default\"><div class=\"vc_col-sm-6 wpb_column vc_column_container\"><div class=\"vc_column-inner\"><div class=\"wpb_wrapper\"><div class=\"wpb_text_column\"><div class=\"wpb_wrapper\"><h3>Table-Line<\/h3>\n<\/div><\/div><div class=\"wpb_text_column\"><div class=\"wpb_wrapper\"><p>Die Table-Line verf\u00fcgt \u00fcber drei Tables und zwei Anfahrtsrampen mit unterschiedlichen Schwierigkeitsstufen sowie Auf- und Abfahrten.<\/p>\n<\/div><\/div><div class=\"w-image align_center\"><div class=\"w-image-h\"><img decoding=\"async\" width=\"500\" height=\"333\" src=\"https:\/\/taketrail.ch\/wp-content\/uploads\/2021\/03\/taketrail_tableline1-500x333.jpg\" class=\"attachment-us_500_500 size-us_500_500\" alt=\"\" loading=\"lazy\" srcset=\"https:\/\/taketrail.ch\/wp-content\/uploads\/2021\/03\/taketrail_tableline1-500x333.jpg 500w, https:\/\/taketrail.ch\/wp-content\/uploads\/2021\/03\/taketrail_tableline1-300x200.jpg 300w, https:\/\/taketrail.ch\/wp-content\/uploads\/2021\/03\/taketrail_tableline1-1024x682.jpg 1024w, https:\/\/taketrail.ch\/wp-content\/uploads\/2021\/03\/taketrail_tableline1-768x512.jpg 768w, https:\/\/taketrail.ch\/wp-content\/uploads\/2021\/03\/taketrail_tableline1.jpg 1732w\" sizes=\"auto, (max-width: 500px) 100vw, 500px\" \/><\/div><\/div><\/div><\/div><\/div><div class=\"vc_col-sm-6 wpb_column vc_column_container\"><div class=\"vc_column-inner\"><div class=\"wpb_wrapper\"><div class=\"wpb_text_column\"><div class=\"wpb_wrapper\"><h3>Flowpark<\/h3>\n<\/div><\/div><div class=\"wpb_text_column\"><div class=\"wpb_wrapper\"><p>Im Flowpark gibt es drei Tables mit zwei Anfahrtst\u00fcrmen sowie einen Pumptrack aussen herum.<\/p>\n<\/div><\/div><div class=\"w-image align_center\"><div class=\"w-image-h\"><img decoding=\"async\" width=\"375\" height=\"500\" src=\"https:\/\/taketrail.ch\/wp-content\/uploads\/2021\/03\/IMG_20210302_153853-Kopie-375x500.jpg\" class=\"attachment-us_500_500 size-us_500_500\" alt=\"\" loading=\"lazy\" srcset=\"https:\/\/taketrail.ch\/wp-content\/uploads\/2021\/03\/IMG_20210302_153853-Kopie-375x500.jpg 375w, https:\/\/taketrail.ch\/wp-content\/uploads\/2021\/03\/IMG_20210302_153853-Kopie-225x300.jpg 225w, https:\/\/taketrail.ch\/wp-content\/uploads\/2021\/03\/IMG_20210302_153853-Kopie-768x1024.jpg 768w, https:\/\/taketrail.ch\/wp-content\/uploads\/2021\/03\/IMG_20210302_153853-Kopie.jpg 1224w\" sizes=\"auto, (max-width: 375px) 100vw, 375px\" \/><\/div><\/div><\/div><\/div><\/div><\/div><\/div><\/section><section class=\"l-section wpb_row height_medium\"><div class=\"l-section-h i-cf\"><div class=\"g-cols vc_row via_flex valign_top type_default stacking_default\"><div class=\"vc_col-sm-6 wpb_column vc_column_container\"><div class=\"vc_column-inner\"><div class=\"wpb_wrapper\"><div class=\"wpb_text_column\"><div class=\"wpb_wrapper\"><h3>Streetpark<\/h3>\n<\/div><\/div><div class=\"wpb_text_column\"><div class=\"wpb_wrapper\"><p>Der Streetpark ist besonders bei Skater und Scooter beliebt. Auf unterschiedlichen Elementen k\u00f6nnen verschiedene Tricks ge\u00fcbt werden.<\/p>\n<\/div><\/div><div class=\"w-image align_center\"><div class=\"w-image-h\"><img decoding=\"async\" width=\"500\" height=\"333\" src=\"https:\/\/taketrail.ch\/wp-content\/uploads\/2021\/03\/streetpark1-500x333.jpg\" class=\"attachment-us_500_500 size-us_500_500\" alt=\"\" loading=\"lazy\" srcset=\"https:\/\/taketrail.ch\/wp-content\/uploads\/2021\/03\/streetpark1-500x333.jpg 500w, https:\/\/taketrail.ch\/wp-content\/uploads\/2021\/03\/streetpark1-300x200.jpg 300w, https:\/\/taketrail.ch\/wp-content\/uploads\/2021\/03\/streetpark1-1024x682.jpg 1024w, https:\/\/taketrail.ch\/wp-content\/uploads\/2021\/03\/streetpark1-768x512.jpg 768w, https:\/\/taketrail.ch\/wp-content\/uploads\/2021\/03\/streetpark1.jpg 1732w\" sizes=\"auto, (max-width: 500px) 100vw, 500px\" \/><\/div><\/div><\/div><\/div><\/div><div class=\"vc_col-sm-6 wpb_column vc_column_container\"><div class=\"vc_column-inner\"><div class=\"wpb_wrapper\"><div class=\"wpb_text_column\"><div class=\"wpb_wrapper\"><h3>mini ramp<\/h3>\n<\/div><\/div><div class=\"wpb_text_column\"><div class=\"wpb_wrapper\"><p>Die mini ramps wurde mithilfe von Simon Stricker (Profiskater) f\u00fcr Skater gebaut.<\/p>\n<\/div><\/div><div class=\"w-image align_center\"><div class=\"w-image-h\"><img decoding=\"async\" width=\"500\" height=\"375\" src=\"https:\/\/taketrail.ch\/wp-content\/uploads\/2021\/03\/miniramp-500x375.jpg\" class=\"attachment-us_500_500 size-us_500_500\" alt=\"\" loading=\"lazy\" srcset=\"https:\/\/taketrail.ch\/wp-content\/uploads\/2021\/03\/miniramp-500x375.jpg 500w, https:\/\/taketrail.ch\/wp-content\/uploads\/2021\/03\/miniramp-300x225.jpg 300w, https:\/\/taketrail.ch\/wp-content\/uploads\/2021\/03\/miniramp-1024x768.jpg 1024w, https:\/\/taketrail.ch\/wp-content\/uploads\/2021\/03\/miniramp-768x576.jpg 768w, https:\/\/taketrail.ch\/wp-content\/uploads\/2021\/03\/miniramp.jpg 1632w\" sizes=\"auto, (max-width: 500px) 100vw, 500px\" \/><\/div><\/div><\/div><\/div><\/div><\/div><\/div><\/section><section class=\"l-section wpb_row height_medium\"><div class=\"l-section-h i-cf\"><div class=\"g-cols vc_row via_flex valign_top type_default stacking_default\"><div class=\"vc_col-sm-6 wpb_column vc_column_container\"><div class=\"vc_column-inner\"><div class=\"wpb_wrapper\"><div class=\"wpb_text_column\"><div class=\"wpb_wrapper\"><h3>Pumptrack<\/h3>\n<\/div><\/div><div class=\"wpb_text_column\"><div class=\"wpb_wrapper\"><p>Auf dem Pumptrack l\u00e4sst sich das &#8222;pushen&#8220; f\u00fcr die Jumps am besten \u00fcben.<\/p>\n<\/div><\/div><div class=\"w-image align_center\"><div class=\"w-image-h\"><img decoding=\"async\" width=\"500\" height=\"333\" src=\"https:\/\/taketrail.ch\/wp-content\/uploads\/2021\/03\/pumptrack1-500x333.jpg\" class=\"attachment-us_500_500 size-us_500_500\" alt=\"\" loading=\"lazy\" srcset=\"https:\/\/taketrail.ch\/wp-content\/uploads\/2021\/03\/pumptrack1-500x333.jpg 500w, https:\/\/taketrail.ch\/wp-content\/uploads\/2021\/03\/pumptrack1-300x200.jpg 300w, https:\/\/taketrail.ch\/wp-content\/uploads\/2021\/03\/pumptrack1-1024x682.jpg 1024w, https:\/\/taketrail.ch\/wp-content\/uploads\/2021\/03\/pumptrack1-768x512.jpg 768w, https:\/\/taketrail.ch\/wp-content\/uploads\/2021\/03\/pumptrack1.jpg 1732w\" sizes=\"auto, (max-width: 500px) 100vw, 500px\" \/><\/div><\/div><\/div><\/div><\/div><div class=\"vc_col-sm-6 wpb_column vc_column_container\"><div class=\"vc_column-inner\"><div class=\"wpb_wrapper\"><div class=\"wpb_text_column\"><div class=\"wpb_wrapper\"><h3>Kids Park<\/h3>\n<\/div><\/div><div class=\"wpb_text_column\"><div class=\"wpb_wrapper\"><p>Extra f\u00fcr die kleinen Besucher ist ein separater Bereich mit vielen niedrigen Elementen gebaut worden.<\/p>\n<\/div><\/div><\/div><\/div><\/div><\/div><\/div><\/section>\n","protected":false},"excerpt":{"rendered":"","protected":false},"author":1,"featured_media":0,"parent":0,"menu_order":0,"comment_status":"closed","ping_status":"closed","template":"","meta":{"footnotes":""},"class_list":["post-1872","page","type-page","status-publish","hentry"],"yoast_head":"<!-- This site is optimized with the Yoast SEO plugin v26.8 - https:\/\/yoast.com\/product\/yoast-seo-wordpress\/ -->\n<title>Sportanlagen - taketrail<\/title>\n<meta name=\"robots\" content=\"index, follow, max-snippet:-1, max-image-preview:large, max-video-preview:-1\" \/>\n<link rel=\"canonical\" href=\"https:\/\/taketrail.ch\/startseite\/sportanlagen\/\" \/>\n<meta property=\"og:locale\" content=\"de_DE\" \/>\n<meta property=\"og:type\" content=\"article\" \/>\n<meta property=\"og:title\" content=\"Sportanlagen - taketrail\" \/>\n<meta property=\"og:url\" content=\"https:\/\/taketrail.ch\/startseite\/sportanlagen\/\" \/>\n<meta property=\"og:site_name\" content=\"taketrail\" \/>\n<meta property=\"article:publisher\" content=\"https:\/\/www.facebook.com\/taketrail\/\" \/>\n<meta property=\"article:modified_time\" content=\"2021-03-15T15:09:53+00:00\" \/>\n<meta name=\"twitter:card\" content=\"summary_large_image\" \/>\n<meta name=\"twitter:label1\" content=\"Gesch\u00e4tzte Lesezeit\" \/>\n\t<meta name=\"twitter:data1\" content=\"1\u00a0Minute\" \/>\n<script type=\"application\/ld+json\" class=\"yoast-schema-graph\">{\"@context\":\"https:\/\/schema.org\",\"@graph\":[{\"@type\":\"WebPage\",\"@id\":\"https:\/\/taketrail.ch\/startseite\/sportanlagen\/\",\"url\":\"https:\/\/taketrail.ch\/startseite\/sportanlagen\/\",\"name\":\"Sportanlagen - taketrail\",\"isPartOf\":{\"@id\":\"https:\/\/taketrail.ch\/startseite\/#website\"},\"datePublished\":\"2021-03-15T14:56:53+00:00\",\"dateModified\":\"2021-03-15T15:09:53+00:00\",\"breadcrumb\":{\"@id\":\"https:\/\/taketrail.ch\/startseite\/sportanlagen\/#breadcrumb\"},\"inLanguage\":\"de\",\"potentialAction\":[{\"@type\":\"ReadAction\",\"target\":[\"https:\/\/taketrail.ch\/startseite\/sportanlagen\/\"]}]},{\"@type\":\"BreadcrumbList\",\"@id\":\"https:\/\/taketrail.ch\/startseite\/sportanlagen\/#breadcrumb\",\"itemListElement\":[{\"@type\":\"ListItem\",\"position\":1,\"name\":\"Startseite\",\"item\":\"https:\/\/taketrail.ch\/startseite\/\"},{\"@type\":\"ListItem\",\"position\":2,\"name\":\"Sportanlagen\"}]},{\"@type\":\"WebSite\",\"@id\":\"https:\/\/taketrail.ch\/startseite\/#website\",\"url\":\"https:\/\/taketrail.ch\/startseite\/\",\"name\":\"taketrail\",\"description\":\"\",\"publisher\":{\"@id\":\"https:\/\/taketrail.ch\/startseite\/#organization\"},\"potentialAction\":[{\"@type\":\"SearchAction\",\"target\":{\"@type\":\"EntryPoint\",\"urlTemplate\":\"https:\/\/taketrail.ch\/startseite\/?s={search_term_string}\"},\"query-input\":{\"@type\":\"PropertyValueSpecification\",\"valueRequired\":true,\"valueName\":\"search_term_string\"}}],\"inLanguage\":\"de\"},{\"@type\":\"Organization\",\"@id\":\"https:\/\/taketrail.ch\/startseite\/#organization\",\"name\":\"taketrail AG\",\"url\":\"https:\/\/taketrail.ch\/startseite\/\",\"logo\":{\"@type\":\"ImageObject\",\"inLanguage\":\"de\",\"@id\":\"https:\/\/taketrail.ch\/startseite\/#\/schema\/logo\/image\/\",\"url\":\"https:\/\/taketrail.ch\/wp-content\/uploads\/2017\/12\/taketrail_gr\u00fcn.png\",\"contentUrl\":\"https:\/\/taketrail.ch\/wp-content\/uploads\/2017\/12\/taketrail_gr\u00fcn.png\",\"width\":3945,\"height\":772,\"caption\":\"taketrail AG\"},\"image\":{\"@id\":\"https:\/\/taketrail.ch\/startseite\/#\/schema\/logo\/image\/\"},\"sameAs\":[\"https:\/\/www.facebook.com\/taketrail\/\",\"https:\/\/www.linkedin.com\/company\/27204493\/admin\/\"]}]}<\/script>\n<!-- \/ Yoast SEO plugin. -->","yoast_head_json":{"title":"Sportanlagen - taketrail","robots":{"index":"index","follow":"follow","max-snippet":"max-snippet:-1","max-image-preview":"max-image-preview:large","max-video-preview":"max-video-preview:-1"},"canonical":"https:\/\/taketrail.ch\/startseite\/sportanlagen\/","og_locale":"de_DE","og_type":"article","og_title":"Sportanlagen - taketrail","og_url":"https:\/\/taketrail.ch\/startseite\/sportanlagen\/","og_site_name":"taketrail","article_publisher":"https:\/\/www.facebook.com\/taketrail\/","article_modified_time":"2021-03-15T15:09:53+00:00","twitter_card":"summary_large_image","twitter_misc":{"Gesch\u00e4tzte Lesezeit":"1\u00a0Minute"},"schema":{"@context":"https:\/\/schema.org","@graph":[{"@type":"WebPage","@id":"https:\/\/taketrail.ch\/startseite\/sportanlagen\/","url":"https:\/\/taketrail.ch\/startseite\/sportanlagen\/","name":"Sportanlagen - taketrail","isPartOf":{"@id":"https:\/\/taketrail.ch\/startseite\/#website"},"datePublished":"2021-03-15T14:56:53+00:00","dateModified":"2021-03-15T15:09:53+00:00","breadcrumb":{"@id":"https:\/\/taketrail.ch\/startseite\/sportanlagen\/#breadcrumb"},"inLanguage":"de","potentialAction":[{"@type":"ReadAction","target":["https:\/\/taketrail.ch\/startseite\/sportanlagen\/"]}]},{"@type":"BreadcrumbList","@id":"https:\/\/taketrail.ch\/startseite\/sportanlagen\/#breadcrumb","itemListElement":[{"@type":"ListItem","position":1,"name":"Startseite","item":"https:\/\/taketrail.ch\/startseite\/"},{"@type":"ListItem","position":2,"name":"Sportanlagen"}]},{"@type":"WebSite","@id":"https:\/\/taketrail.ch\/startseite\/#website","url":"https:\/\/taketrail.ch\/startseite\/","name":"taketrail","description":"","publisher":{"@id":"https:\/\/taketrail.ch\/startseite\/#organization"},"potentialAction":[{"@type":"SearchAction","target":{"@type":"EntryPoint","urlTemplate":"https:\/\/taketrail.ch\/startseite\/?s={search_term_string}"},"query-input":{"@type":"PropertyValueSpecification","valueRequired":true,"valueName":"search_term_string"}}],"inLanguage":"de"},{"@type":"Organization","@id":"https:\/\/taketrail.ch\/startseite\/#organization","name":"taketrail AG","url":"https:\/\/taketrail.ch\/startseite\/","logo":{"@type":"ImageObject","inLanguage":"de","@id":"https:\/\/taketrail.ch\/startseite\/#\/schema\/logo\/image\/","url":"https:\/\/taketrail.ch\/wp-content\/uploads\/2017\/12\/taketrail_gr\u00fcn.png","contentUrl":"https:\/\/taketrail.ch\/wp-content\/uploads\/2017\/12\/taketrail_gr\u00fcn.png","width":3945,"height":772,"caption":"taketrail AG"},"image":{"@id":"https:\/\/taketrail.ch\/startseite\/#\/schema\/logo\/image\/"},"sameAs":["https:\/\/www.facebook.com\/taketrail\/","https:\/\/www.linkedin.com\/company\/27204493\/admin\/"]}]}},"_links":{"self":[{"href":"https:\/\/taketrail.ch\/startseite\/wp-json\/wp\/v2\/pages\/1872","targetHints":{"allow":["GET"]}}],"collection":[{"href":"https:\/\/taketrail.ch\/startseite\/wp-json\/wp\/v2\/pages"}],"about":[{"href":"https:\/\/taketrail.ch\/startseite\/wp-json\/wp\/v2\/types\/page"}],"author":[{"embeddable":true,"href":"https:\/\/taketrail.ch\/startseite\/wp-json\/wp\/v2\/users\/1"}],"replies":[{"embeddable":true,"href":"https:\/\/taketrail.ch\/startseite\/wp-json\/wp\/v2\/comments?post=1872"}],"version-history":[{"count":5,"href":"https:\/\/taketrail.ch\/startseite\/wp-json\/wp\/v2\/pages\/1872\/revisions"}],"predecessor-version":[{"id":1890,"href":"https:\/\/taketrail.ch\/startseite\/wp-json\/wp\/v2\/pages\/1872\/revisions\/1890"}],"wp:attachment":[{"href":"https:\/\/taketrail.ch\/startseite\/wp-json\/wp\/v2\/media?parent=1872"}],"curies":[{"name":"wp","href":"https:\/\/api.w.org\/{rel}","templated":true}]}}